{"id":404,"date":"2016-07-07T12:35:52","date_gmt":"2016-07-07T12:35:52","guid":{"rendered":"http:\/\/www.anglotheque.fr\/?page_id=404"},"modified":"2016-08-10T12:53:51","modified_gmt":"2016-08-10T12:53:51","slug":"why-this-blog","status":"publish","type":"page","link":"https:\/\/www.anglotheque.fr\/","title":{"rendered":"Why this blog"},"content":{"rendered":"<p>I&rsquo;ve started this blog for a few, rather diverse, purposes:<\/p>\n<ul>\n<li>using a bit of new technology in my teaching (I just hope <a href=\"http:\/\/www.anglotheque.fr\/?page_id=346\">my students<\/a> will appreciate it)<\/li>\n<li>organising a <a href=\"http:\/\/www.anglotheque.fr\/?page_id=313\">book club<\/a><\/li>\n<li>promoting the three <a href=\"http:\/\/www.anglotheque.fr\/?page_id=342\"><em>m\u00e9mos<\/em><\/a> I published with <a href=\"http:\/\/www.generation5.fr\/\" target=\"_blank\"><em>G\u00e9n\u00e9ration 5<\/em><\/a> lately.<\/li>\n<\/ul>\n<p>So, please browse and enjoy!<\/p>\n","protected":false},"excerpt":{"rendered":"<p>I&rsquo;ve started this blog for a few, rather diverse, purposes: using a bit of new technology in my teaching (I just hope my students will appreciate it) organising a book club promoting the three m\u00e9mos I published with G\u00e9n\u00e9ration 5 lately. So, please browse and enjoy!<\/p>\n","protected":false},"author":3,"featured_media":0,"parent":0,"menu_order":0,"comment_status":"closed","ping_status":"closed","template":"","meta":{"footnotes":""},"class_list":["post-404","page","type-page","status-publish","hentry"],"_links":{"self":[{"href":"https:\/\/www.anglotheque.fr\/index.php?rest_route=\/wp\/v2\/pages\/404"}],"collection":[{"href":"https:\/\/www.anglotheque.fr\/index.php?rest_route=\/wp\/v2\/pages"}],"about":[{"href":"https:\/\/www.anglotheque.fr\/index.php?rest_route=\/wp\/v2\/types\/page"}],"author":[{"embeddable":true,"href":"https:\/\/www.anglotheque.fr\/index.php?rest_route=\/wp\/v2\/users\/3"}],"replies":[{"embeddable":true,"href":"https:\/\/www.anglotheque.fr\/index.php?rest_route=%2Fwp%2Fv2%2Fcomments&post=404"}],"version-history":[{"count":7,"href":"https:\/\/www.anglotheque.fr\/index.php?rest_route=\/wp\/v2\/pages\/404\/revisions"}],"predecessor-version":[{"id":621,"href":"https:\/\/www.anglotheque.fr\/index.php?rest_route=\/wp\/v2\/pages\/404\/revisions\/621"}],"wp:attachment":[{"href":"https:\/\/www.anglotheque.fr\/index.php?rest_route=%2Fwp%2Fv2%2Fmedia&parent=404"}],"curies":[{"name":"wp","href":"https:\/\/api.w.org\/{rel}","templated":true}]}}